{"id":17,"date":"2025-03-15T02:49:21","date_gmt":"2025-03-15T02:49:21","guid":{"rendered":"http:\/\/gaz.local\/?page_id=17"},"modified":"2025-07-23T14:56:26","modified_gmt":"2025-07-23T12:56:26","slug":"actualites","status":"publish","type":"page","link":"https:\/\/galerie-gaz.com\/en\/actualites\/","title":{"rendered":"News"},"content":{"rendered":"<div data-elementor-type=\"wp-page\" data-elementor-id=\"17\" class=\"elementor elementor-17\" data-elementor-post-type=\"page\">\n\t\t\t\t<div class=\"elementor-element elementor-element-f296ac7 e-flex e-con-boxed e-con e-parent\" data-id=\"f296ac7\" data-element_type=\"container\" data-e-type=\"container\">\n\t\t\t\t\t<div class=\"e-con-inner\">\n\t\t<div class=\"elementor-element elementor-element-9269627 e-con-full e-flex e-con e-child\" data-id=\"9269627\" data-element_type=\"container\" data-e-type=\"container\">\n\t\t<div class=\"elementor-element elementor-element-d38f7e1 e-con-full e-flex e-con e-child\" data-id=\"d38f7e1\" data-element_type=\"container\" data-e-type=\"container\">\n\t\t\t\t<div class=\"elementor-element elementor-element-9f04ee0 elementor-widget elementor-widget-heading\" data-id=\"9f04ee0\" data-element_type=\"widget\" data-e-type=\"widget\" data-widget_type=\"heading.default\">\n\t\t\t\t<div class=\"elementor-widget-container\">\n\t\t\t\t\t<h2 class=\"elementor-heading-title elementor-size-default\">Les Actualit\u00e9s gaz<\/h2>\t\t\t\t<\/div>\n\t\t\t\t<\/div>\n\t\t\t\t<div class=\"elementor-element elementor-element-dff4192 elementor-widget__width-initial elementor-widget elementor-widget-text-editor\" data-id=\"dff4192\" data-element_type=\"widget\" data-e-type=\"widget\" data-widget_type=\"text-editor.default\">\n\t\t\t\t<div class=\"elementor-widget-container\">\n\t\t\t\t\t\t\t\t\t<p class=\"\" data-start=\"134\" data-end=\"397\">Suivez toute l\u2019actualit\u00e9 de la Galerie GAZ : \u00e9v\u00e9nements, ateliers, nouvelles collaborations et coups de c\u0153ur artistiques&#8230;aux Sables d&rsquo;Olonne et ailleurs !&nbsp;<\/p>\t\t\t\t\t\t\t\t<\/div>\n\t\t\t\t<\/div>\n\t\t\t\t<\/div>\n\t\t\t\t<\/div>\n\t\t\t\t<div class=\"elementor-element elementor-element-21379e0 elementor-grid-tablet-1 elementor-grid-3 elementor-grid-mobile-1 elementor-posts--thumbnail-top elementor-widget elementor-widget-posts\" data-id=\"21379e0\" data-element_type=\"widget\" data-e-type=\"widget\" data-settings=\"{&quot;classic_columns_tablet&quot;:&quot;1&quot;,&quot;classic_row_gap&quot;:{&quot;unit&quot;:&quot;px&quot;,&quot;size&quot;:16,&quot;sizes&quot;:[]},&quot;classic_row_gap_mobile&quot;:{&quot;unit&quot;:&quot;px&quot;,&quot;size&quot;:52,&quot;sizes&quot;:[]},&quot;classic_columns&quot;:&quot;3&quot;,&quot;classic_columns_mobile&quot;:&quot;1&quot;,&quot;classic_row_gap_tablet&quot;:{&quot;unit&quot;:&quot;px&quot;,&quot;size&quot;:&quot;&quot;,&quot;sizes&quot;:[]}}\" data-widget_type=\"posts.classic\">\n\t\t\t\t<div class=\"elementor-widget-container\">\n\t\t\t\t\t\t\t<div class=\"elementor-posts-container elementor-posts elementor-posts--skin-classic elementor-grid\" role=\"list\">\n\t\t\t\t<article class=\"elementor-post elementor-grid-item post-2196 post type-post status-publish format-standard has-post-thumbnail hentry category-uncategorized\" role=\"listitem\">\n\t\t\t\t<a class=\"elementor-post__thumbnail__link\" href=\"https:\/\/galerie-gaz.com\/en\/pierre-yves-gervais-ouverture-de-saison\/\" tabindex=\"-1\" >\n\t\t\t<div class=\"elementor-post__thumbnail\"><img fetchpriority=\"high\" decoding=\"async\" width=\"2048\" height=\"1536\" src=\"https:\/\/galerie-gaz.com\/wp-content\/uploads\/2026\/02\/51216243_10216510498229326_1902012463008710656_n.jpg\" class=\"attachment-2048x2048 size-2048x2048 wp-image-2197\" alt=\"\" srcset=\"https:\/\/galerie-gaz.com\/wp-content\/uploads\/2026\/02\/51216243_10216510498229326_1902012463008710656_n.jpg 2048w, https:\/\/galerie-gaz.com\/wp-content\/uploads\/2026\/02\/51216243_10216510498229326_1902012463008710656_n-300x225.jpg 300w, https:\/\/galerie-gaz.com\/wp-content\/uploads\/2026\/02\/51216243_10216510498229326_1902012463008710656_n-1024x768.jpg 1024w, https:\/\/galerie-gaz.com\/wp-content\/uploads\/2026\/02\/51216243_10216510498229326_1902012463008710656_n-768x576.jpg 768w, https:\/\/galerie-gaz.com\/wp-content\/uploads\/2026\/02\/51216243_10216510498229326_1902012463008710656_n-1536x1152.jpg 1536w, https:\/\/galerie-gaz.com\/wp-content\/uploads\/2026\/02\/51216243_10216510498229326_1902012463008710656_n-16x12.jpg 16w\" sizes=\"(max-width: 2048px) 100vw, 2048px\" \/><\/div>\n\t\t<\/a>\n\t\t\t\t<div class=\"elementor-post__text\">\n\t\t\t\t<h3 class=\"elementor-post__title\">\n\t\t\t<a href=\"https:\/\/galerie-gaz.com\/en\/pierre-yves-gervais-ouverture-de-saison\/\" >\n\t\t\t\tPierre-Yves Gervais \u2014 Ouverture de saison\t\t\t<\/a>\n\t\t<\/h3>\n\t\t\t\t<div class=\"elementor-post__meta-data\">\n\t\t\t\t\t<span class=\"elementor-post-date\">\n\t\t\t24 February 2026\t\t<\/span>\n\t\t\t\t<\/div>\n\t\t\t\t<div class=\"elementor-post__excerpt\">\n\t\t\t<p>La G\u00e9n\u00e9ral Art Zone ouvre l\u2019ann\u00e9e avec Pierre-Yves Gervais, dont le travail inaugure la programmation dans une atmosph\u00e8re sensible et contemplative.<\/p>\n\t\t<\/div>\n\t\t\n\t\t<a class=\"elementor-post__read-more\" href=\"https:\/\/galerie-gaz.com\/en\/pierre-yves-gervais-ouverture-de-saison\/\" aria-label=\"Read more about Pierre-Yves Gervais \u2014 Ouverture de saison\" tabindex=\"-1\" >\n\t\t\tLire la suite \u00bb\t\t<\/a>\n\n\t\t\t\t<\/div>\n\t\t\t\t<\/article>\n\t\t\t\t<article class=\"elementor-post elementor-grid-item post-2191 post type-post status-publish format-standard has-post-thumbnail hentry category-uncategorized\" role=\"listitem\">\n\t\t\t\t<a class=\"elementor-post__thumbnail__link\" href=\"https:\/\/galerie-gaz.com\/en\/cy-pavel-report-a-lautomne\/\" tabindex=\"-1\" >\n\t\t\t<div class=\"elementor-post__thumbnail\"><img decoding=\"async\" width=\"2000\" height=\"2000\" src=\"https:\/\/galerie-gaz.com\/wp-content\/uploads\/2025\/11\/cypavel.png\" class=\"attachment-2048x2048 size-2048x2048 wp-image-1987\" alt=\"\" srcset=\"https:\/\/galerie-gaz.com\/wp-content\/uploads\/2025\/11\/cypavel.png 2000w, https:\/\/galerie-gaz.com\/wp-content\/uploads\/2025\/11\/cypavel-300x300.png 300w, https:\/\/galerie-gaz.com\/wp-content\/uploads\/2025\/11\/cypavel-1024x1024.png 1024w, https:\/\/galerie-gaz.com\/wp-content\/uploads\/2025\/11\/cypavel-150x150.png 150w, https:\/\/galerie-gaz.com\/wp-content\/uploads\/2025\/11\/cypavel-768x768.png 768w, https:\/\/galerie-gaz.com\/wp-content\/uploads\/2025\/11\/cypavel-1536x1536.png 1536w, https:\/\/galerie-gaz.com\/wp-content\/uploads\/2025\/11\/cypavel-12x12.png 12w\" sizes=\"(max-width: 2000px) 100vw, 2000px\" \/><\/div>\n\t\t<\/a>\n\t\t\t\t<div class=\"elementor-post__text\">\n\t\t\t\t<h3 class=\"elementor-post__title\">\n\t\t\t<a href=\"https:\/\/galerie-gaz.com\/en\/cy-pavel-report-a-lautomne\/\" >\n\t\t\t\tCy Pavel \u2014 Report \u00e0 l\u2019automne\t\t\t<\/a>\n\t\t<\/h3>\n\t\t\t\t<div class=\"elementor-post__meta-data\">\n\t\t\t\t\t<span class=\"elementor-post-date\">\n\t\t\t24 February 2026\t\t<\/span>\n\t\t\t\t<\/div>\n\t\t\t\t<div class=\"elementor-post__excerpt\">\n\t\t\t<p>Initialement pr\u00e9vue en d\u00e9but d\u2019ann\u00e9e, l\u2019exposition de Cy Pavel est reprogramm\u00e9e du 17 octobre au 14 novembre.<\/p>\n\t\t<\/div>\n\t\t\n\t\t<a class=\"elementor-post__read-more\" href=\"https:\/\/galerie-gaz.com\/en\/cy-pavel-report-a-lautomne\/\" aria-label=\"Read more about Cy Pavel \u2014 Report \u00e0 l\u2019automne\" tabindex=\"-1\" >\n\t\t\tLire la suite \u00bb\t\t<\/a>\n\n\t\t\t\t<\/div>\n\t\t\t\t<\/article>\n\t\t\t\t<article class=\"elementor-post elementor-grid-item post-1983 post type-post status-publish format-standard has-post-thumbnail hentry category-uncategorized\" role=\"listitem\">\n\t\t\t\t<a class=\"elementor-post__thumbnail__link\" href=\"https:\/\/galerie-gaz.com\/en\/cy-pavel-ouvre-2026-a-la-galerie-gaz\/\" tabindex=\"-1\" >\n\t\t\t<div class=\"elementor-post__thumbnail\"><img decoding=\"async\" width=\"2048\" height=\"2048\" src=\"https:\/\/galerie-gaz.com\/wp-content\/uploads\/2025\/11\/3-CyPAVEL-Vanitas-Huile-sur-bois-120x120-S.Palimpsestes-2048x2048.jpg\" class=\"attachment-2048x2048 size-2048x2048 wp-image-1985\" alt=\"\" srcset=\"https:\/\/galerie-gaz.com\/wp-content\/uploads\/2025\/11\/3-CyPAVEL-Vanitas-Huile-sur-bois-120x120-S.Palimpsestes-2048x2048.jpg 2048w, https:\/\/galerie-gaz.com\/wp-content\/uploads\/2025\/11\/3-CyPAVEL-Vanitas-Huile-sur-bois-120x120-S.Palimpsestes-300x300.jpg 300w, https:\/\/galerie-gaz.com\/wp-content\/uploads\/2025\/11\/3-CyPAVEL-Vanitas-Huile-sur-bois-120x120-S.Palimpsestes-1024x1024.jpg 1024w, https:\/\/galerie-gaz.com\/wp-content\/uploads\/2025\/11\/3-CyPAVEL-Vanitas-Huile-sur-bois-120x120-S.Palimpsestes-150x150.jpg 150w, https:\/\/galerie-gaz.com\/wp-content\/uploads\/2025\/11\/3-CyPAVEL-Vanitas-Huile-sur-bois-120x120-S.Palimpsestes-768x768.jpg 768w, https:\/\/galerie-gaz.com\/wp-content\/uploads\/2025\/11\/3-CyPAVEL-Vanitas-Huile-sur-bois-120x120-S.Palimpsestes-1536x1536.jpg 1536w, https:\/\/galerie-gaz.com\/wp-content\/uploads\/2025\/11\/3-CyPAVEL-Vanitas-Huile-sur-bois-120x120-S.Palimpsestes-12x12.jpg 12w\" sizes=\"(max-width: 2048px) 100vw, 2048px\" \/><\/div>\n\t\t<\/a>\n\t\t\t\t<div class=\"elementor-post__text\">\n\t\t\t\t<h3 class=\"elementor-post__title\">\n\t\t\t<a href=\"https:\/\/galerie-gaz.com\/en\/cy-pavel-ouvre-2026-a-la-galerie-gaz\/\" >\n\t\t\t\tCy Pavel ouvre 2026 \u00e0 la Galerie GAZ\t\t\t<\/a>\n\t\t<\/h3>\n\t\t\t\t<div class=\"elementor-post__meta-data\">\n\t\t\t\t\t<span class=\"elementor-post-date\">\n\t\t\t10 November 2025\t\t<\/span>\n\t\t\t\t<\/div>\n\t\t\t\t<div class=\"elementor-post__excerpt\">\n\t\t\t<p>En f\u00e9vrier, la Galerie GAZ inaugure l\u2019ann\u00e9e 2026 avec Cy Pavel, notre toute derni\u00e8re recrue \u2014 et une premi\u00e8re mise en lumi\u00e8re d\u2019envergure. \u00c0 l\u2019occasion<\/p>\n\t\t<\/div>\n\t\t\n\t\t<a class=\"elementor-post__read-more\" href=\"https:\/\/galerie-gaz.com\/en\/cy-pavel-ouvre-2026-a-la-galerie-gaz\/\" aria-label=\"Read more about Cy Pavel ouvre 2026 \u00e0 la Galerie GAZ\" tabindex=\"-1\" >\n\t\t\tLire la suite \u00bb\t\t<\/a>\n\n\t\t\t\t<\/div>\n\t\t\t\t<\/article>\n\t\t\t\t<article class=\"elementor-post elementor-grid-item post-1967 post type-post status-publish format-standard has-post-thumbnail hentry category-uncategorized\" role=\"listitem\">\n\t\t\t\t<a class=\"elementor-post__thumbnail__link\" href=\"https:\/\/galerie-gaz.com\/en\/a-compter-du-6-decembre-2025-la-buche\/\" tabindex=\"-1\" >\n\t\t\t<div class=\"elementor-post__thumbnail\"><img loading=\"lazy\" decoding=\"async\" width=\"1524\" height=\"1232\" src=\"https:\/\/galerie-gaz.com\/wp-content\/uploads\/2025\/03\/image-3.webp\" class=\"attachment-2048x2048 size-2048x2048 wp-image-119\" alt=\"\" srcset=\"https:\/\/galerie-gaz.com\/wp-content\/uploads\/2025\/03\/image-3.webp 1524w, https:\/\/galerie-gaz.com\/wp-content\/uploads\/2025\/03\/image-3-300x243.webp 300w, https:\/\/galerie-gaz.com\/wp-content\/uploads\/2025\/03\/image-3-1024x828.webp 1024w, https:\/\/galerie-gaz.com\/wp-content\/uploads\/2025\/03\/image-3-768x621.webp 768w\" sizes=\"(max-width: 1524px) 100vw, 1524px\" \/><\/div>\n\t\t<\/a>\n\t\t\t\t<div class=\"elementor-post__text\">\n\t\t\t\t<h3 class=\"elementor-post__title\">\n\t\t\t<a href=\"https:\/\/galerie-gaz.com\/en\/a-compter-du-6-decembre-2025-la-buche\/\" >\n\t\t\t\t\u00c0 compter du 6 d\u00e9cembre 2025 : \u00ab\u00a0 La B\u00fbche\u00a0\u00bb \u00a0\t\t\t<\/a>\n\t\t<\/h3>\n\t\t\t\t<div class=\"elementor-post__meta-data\">\n\t\t\t\t\t<span class=\"elementor-post-date\">\n\t\t\t10 November 2025\t\t<\/span>\n\t\t\t\t<\/div>\n\t\t\t\t<div class=\"elementor-post__excerpt\">\n\t\t\t<p>Offrez (ou offrez-vous) de l\u2019art \u00e0 prix doux \u00e0 la Galerie GAZ. Comme chaque ann\u00e9e, la Galerie GAZ aux Sables-d\u2019Olonne r\u00e9unit une s\u00e9lection d\u2019\u0153uvres accessibles pour g\u00e2ter vos proches\u2026 <\/p>\n\t\t<\/div>\n\t\t\n\t\t<a class=\"elementor-post__read-more\" href=\"https:\/\/galerie-gaz.com\/en\/a-compter-du-6-decembre-2025-la-buche\/\" aria-label=\"Read more about \u00c0 compter du 6 d\u00e9cembre 2025 : \u00ab\u00a0 La B\u00fbche\u00a0\u00bb \u00a0\" tabindex=\"-1\" >\n\t\t\tLire la suite \u00bb\t\t<\/a>\n\n\t\t\t\t<\/div>\n\t\t\t\t<\/article>\n\t\t\t\t<article class=\"elementor-post elementor-grid-item post-1619 post type-post status-publish format-standard has-post-thumbnail hentry category-uncategorized\" role=\"listitem\">\n\t\t\t\t<a class=\"elementor-post__thumbnail__link\" href=\"https:\/\/galerie-gaz.com\/en\/kesadi-une-rentree-chargee\/\" tabindex=\"-1\" >\n\t\t\t<div class=\"elementor-post__thumbnail\"><img loading=\"lazy\" decoding=\"async\" width=\"480\" height=\"640\" src=\"https:\/\/galerie-gaz.com\/wp-content\/uploads\/2025\/07\/kesadi-actu.jpg\" class=\"attachment-2048x2048 size-2048x2048 wp-image-1620\" alt=\"\" srcset=\"https:\/\/galerie-gaz.com\/wp-content\/uploads\/2025\/07\/kesadi-actu.jpg 480w, https:\/\/galerie-gaz.com\/wp-content\/uploads\/2025\/07\/kesadi-actu-225x300.jpg 225w, https:\/\/galerie-gaz.com\/wp-content\/uploads\/2025\/07\/kesadi-actu-9x12.jpg 9w\" sizes=\"(max-width: 480px) 100vw, 480px\" \/><\/div>\n\t\t<\/a>\n\t\t\t\t<div class=\"elementor-post__text\">\n\t\t\t\t<h3 class=\"elementor-post__title\">\n\t\t\t<a href=\"https:\/\/galerie-gaz.com\/en\/kesadi-une-rentree-chargee\/\" >\n\t\t\t\tKesadi : une rentr\u00e9e charg\u00e9e !\t\t\t<\/a>\n\t\t<\/h3>\n\t\t\t\t<div class=\"elementor-post__meta-data\">\n\t\t\t\t\t<span class=\"elementor-post-date\">\n\t\t\t23 July 2025\t\t<\/span>\n\t\t\t\t<\/div>\n\t\t\t\t<div class=\"elementor-post__excerpt\">\n\t\t\t<p>La rentr\u00e9e de\u00a0septembre\u00a0sera charg\u00e9e pour Kesadi. Fin ao\u00fbt d\u00e9but septembre il sera \u00e0\u00a0\u00ab\u00a0House of paint\u00a0\u00bb \u00a0de Gen\u00e8ve pour la r\u00e9alisation d\u2019une pi\u00e8ce. Voir Illustration.<\/p>\n\t\t<\/div>\n\t\t\n\t\t<a class=\"elementor-post__read-more\" href=\"https:\/\/galerie-gaz.com\/en\/kesadi-une-rentree-chargee\/\" aria-label=\"Read more about Kesadi : une rentr\u00e9e charg\u00e9e !\" tabindex=\"-1\" >\n\t\t\tLire la suite \u00bb\t\t<\/a>\n\n\t\t\t\t<\/div>\n\t\t\t\t<\/article>\n\t\t\t\t<article class=\"elementor-post elementor-grid-item post-1586 post type-post status-publish format-standard has-post-thumbnail hentry category-expos category-uncategorized\" role=\"listitem\">\n\t\t\t\t<a class=\"elementor-post__thumbnail__link\" href=\"https:\/\/galerie-gaz.com\/en\/richard-conte-a-marseille-tant-quil-aura-du-miel\/\" tabindex=\"-1\" >\n\t\t\t<div class=\"elementor-post__thumbnail\"><img loading=\"lazy\" decoding=\"async\" width=\"2048\" height=\"1320\" src=\"https:\/\/galerie-gaz.com\/wp-content\/uploads\/2025\/07\/Capture-decran-2025-07-23-a-10.34.14-2048x1320.png\" class=\"attachment-2048x2048 size-2048x2048 wp-image-1587\" alt=\"\" srcset=\"https:\/\/galerie-gaz.com\/wp-content\/uploads\/2025\/07\/Capture-decran-2025-07-23-a-10.34.14-2048x1320.png 2048w, https:\/\/galerie-gaz.com\/wp-content\/uploads\/2025\/07\/Capture-decran-2025-07-23-a-10.34.14-300x193.png 300w, https:\/\/galerie-gaz.com\/wp-content\/uploads\/2025\/07\/Capture-decran-2025-07-23-a-10.34.14-1024x660.png 1024w, https:\/\/galerie-gaz.com\/wp-content\/uploads\/2025\/07\/Capture-decran-2025-07-23-a-10.34.14-768x495.png 768w, https:\/\/galerie-gaz.com\/wp-content\/uploads\/2025\/07\/Capture-decran-2025-07-23-a-10.34.14-1536x990.png 1536w, https:\/\/galerie-gaz.com\/wp-content\/uploads\/2025\/07\/Capture-decran-2025-07-23-a-10.34.14-18x12.png 18w\" sizes=\"(max-width: 2048px) 100vw, 2048px\" \/><\/div>\n\t\t<\/a>\n\t\t\t\t<div class=\"elementor-post__text\">\n\t\t\t\t<h3 class=\"elementor-post__title\">\n\t\t\t<a href=\"https:\/\/galerie-gaz.com\/en\/richard-conte-a-marseille-tant-quil-aura-du-miel\/\" >\n\t\t\t\tRichard Conte \u00e0 Marseille &#8211; \u00ab\u00a0Tant qu\u2019il aura du miel\u00a0\u00bb\u00a0\t\t\t<\/a>\n\t\t<\/h3>\n\t\t\t\t<div class=\"elementor-post__meta-data\">\n\t\t\t\t\t<span class=\"elementor-post-date\">\n\t\t\t23 July 2025\t\t<\/span>\n\t\t\t\t<\/div>\n\t\t\t\t<div class=\"elementor-post__excerpt\">\n\t\t\t<p>Richard Conte, dont vous pouvez profiter de nombreuses oeuvres \u00e0 la General Art Zone sera en exposition \u00e0 Marseille \u00e0 l\u2019Urban Gallery du 30.08 au 4.10<br \/>\n\u00ab  Tant qu\u2019il aura du miel \u00bb .  Commissariat d\u2019exposition Bernard Muntaner.<\/p>\n\t\t<\/div>\n\t\t\n\t\t<a class=\"elementor-post__read-more\" href=\"https:\/\/galerie-gaz.com\/en\/richard-conte-a-marseille-tant-quil-aura-du-miel\/\" aria-label=\"Read more about Richard Conte \u00e0 Marseille &#8211; \u00ab\u00a0Tant qu\u2019il aura du miel\u00a0\u00bb\u00a0\" tabindex=\"-1\" >\n\t\t\tLire la suite \u00bb\t\t<\/a>\n\n\t\t\t\t<\/div>\n\t\t\t\t<\/article>\n\t\t\t\t<\/div>\n\t\t\n\t\t\t\t\t\t<\/div>\n\t\t\t\t<\/div>\n\t\t\t\t\t<\/div>\n\t\t\t\t<\/div>\n\t\t\t\t<\/div>","protected":false},"excerpt":{"rendered":"<p>Les Actualit\u00e9s gaz Suivez toute l\u2019actualit\u00e9 de la Galerie GAZ : \u00e9v\u00e9nements, ateliers, nouvelles collaborations et coups de c\u0153ur artistiques&#8230;aux Sables d&rsquo;Olonne et ailleurs !&nbsp;<\/p>","protected":false},"author":1,"featured_media":0,"parent":0,"menu_order":0,"comment_status":"closed","ping_status":"closed","template":"","meta":{"_acf_changed":false,"footnotes":""},"class_list":["post-17","page","type-page","status-publish","hentry"],"acf":[],"yoast_head":"<!-- This site is optimized with the Yoast SEO plugin v27.4 - https:\/\/yoast.com\/product\/yoast-seo-wordpress\/ -->\n<title>Les Actualit\u00e9s - Galerie GAZ<\/title>\n<meta name=\"description\" content=\"Suivez toute l\u2019actualit\u00e9 de la Galerie GAZ : \u00e9v\u00e9nements, ateliers, nouvelles collaborations et coups de c\u0153ur artistiques.\" \/>\n<meta name=\"robots\" content=\"index, follow, max-snippet:-1, max-image-preview:large, max-video-preview:-1\" \/>\n<link rel=\"canonical\" href=\"https:\/\/galerie-gaz.com\/en\/actualites\/\" \/>\n<meta property=\"og:locale\" content=\"en_US\" \/>\n<meta property=\"og:type\" content=\"article\" \/>\n<meta property=\"og:title\" content=\"Les Actualit\u00e9s - Galerie GAZ\" \/>\n<meta property=\"og:description\" content=\"Suivez toute l\u2019actualit\u00e9 de la Galerie GAZ : \u00e9v\u00e9nements, ateliers, nouvelles collaborations et coups de c\u0153ur artistiques.\" \/>\n<meta property=\"og:url\" content=\"https:\/\/galerie-gaz.com\/en\/actualites\/\" \/>\n<meta property=\"og:site_name\" content=\"Galerie GAZ\" \/>\n<meta property=\"article:publisher\" content=\"https:\/\/www.facebook.com\/generalartzone\/?locale=fr_FR\" \/>\n<meta property=\"article:modified_time\" content=\"2025-07-23T12:56:26+00:00\" \/>\n<meta name=\"twitter:card\" content=\"summary_large_image\" \/>\n<meta name=\"twitter:label1\" content=\"Est. reading time\" \/>\n\t<meta name=\"twitter:data1\" content=\"1 minute\" \/>\n<script type=\"application\/ld+json\" class=\"yoast-schema-graph\">{\"@context\":\"https:\\\/\\\/schema.org\",\"@graph\":[{\"@type\":\"WebPage\",\"@id\":\"https:\\\/\\\/galerie-gaz.com\\\/actualites\\\/\",\"url\":\"https:\\\/\\\/galerie-gaz.com\\\/actualites\\\/\",\"name\":\"Les Actualit\u00e9s - Galerie GAZ\",\"isPartOf\":{\"@id\":\"https:\\\/\\\/galerie-gaz.com\\\/#website\"},\"datePublished\":\"2025-03-15T02:49:21+00:00\",\"dateModified\":\"2025-07-23T12:56:26+00:00\",\"description\":\"Suivez toute l\u2019actualit\u00e9 de la Galerie GAZ : \u00e9v\u00e9nements, ateliers, nouvelles collaborations et coups de c\u0153ur artistiques.\",\"breadcrumb\":{\"@id\":\"https:\\\/\\\/galerie-gaz.com\\\/actualites\\\/#breadcrumb\"},\"inLanguage\":\"en-US\",\"potentialAction\":[{\"@type\":\"ReadAction\",\"target\":[\"https:\\\/\\\/galerie-gaz.com\\\/actualites\\\/\"]}]},{\"@type\":\"BreadcrumbList\",\"@id\":\"https:\\\/\\\/galerie-gaz.com\\\/actualites\\\/#breadcrumb\",\"itemListElement\":[{\"@type\":\"ListItem\",\"position\":1,\"name\":\"Accueil\",\"item\":\"https:\\\/\\\/galerie-gaz.com\\\/\"},{\"@type\":\"ListItem\",\"position\":2,\"name\":\"Actualit\u00e9s\"}]},{\"@type\":\"WebSite\",\"@id\":\"https:\\\/\\\/galerie-gaz.com\\\/#website\",\"url\":\"https:\\\/\\\/galerie-gaz.com\\\/\",\"name\":\"Galerie GAZ\",\"description\":\"Galerie d'art contemporain aux Sables d'Olonne\",\"publisher\":{\"@id\":\"https:\\\/\\\/galerie-gaz.com\\\/#organization\"},\"potentialAction\":[{\"@type\":\"SearchAction\",\"target\":{\"@type\":\"EntryPoint\",\"urlTemplate\":\"https:\\\/\\\/galerie-gaz.com\\\/?s={search_term_string}\"},\"query-input\":{\"@type\":\"PropertyValueSpecification\",\"valueRequired\":true,\"valueName\":\"search_term_string\"}}],\"inLanguage\":\"en-US\"},{\"@type\":\"Organization\",\"@id\":\"https:\\\/\\\/galerie-gaz.com\\\/#organization\",\"name\":\"Galerie GAZ\",\"url\":\"https:\\\/\\\/galerie-gaz.com\\\/\",\"logo\":{\"@type\":\"ImageObject\",\"inLanguage\":\"en-US\",\"@id\":\"https:\\\/\\\/galerie-gaz.com\\\/#\\\/schema\\\/logo\\\/image\\\/\",\"url\":\"https:\\\/\\\/galerie-gaz.com\\\/wp-content\\\/uploads\\\/2025\\\/03\\\/cropped-GAZ-logo.png\",\"contentUrl\":\"https:\\\/\\\/galerie-gaz.com\\\/wp-content\\\/uploads\\\/2025\\\/03\\\/cropped-GAZ-logo.png\",\"width\":512,\"height\":512,\"caption\":\"Galerie GAZ\"},\"image\":{\"@id\":\"https:\\\/\\\/galerie-gaz.com\\\/#\\\/schema\\\/logo\\\/image\\\/\"},\"sameAs\":[\"https:\\\/\\\/www.facebook.com\\\/generalartzone\\\/?locale=fr_FR\",\"https:\\\/\\\/www.instagram.com\\\/generalartzone\\\/?hl=fr\"]}]}<\/script>\n<!-- \/ Yoast SEO plugin. -->","yoast_head_json":{"title":"Les Actualit\u00e9s - Galerie GAZ","description":"Suivez toute l\u2019actualit\u00e9 de la Galerie GAZ : \u00e9v\u00e9nements, ateliers, nouvelles collaborations et coups de c\u0153ur artistiques.","robots":{"index":"index","follow":"follow","max-snippet":"max-snippet:-1","max-image-preview":"max-image-preview:large","max-video-preview":"max-video-preview:-1"},"canonical":"https:\/\/galerie-gaz.com\/en\/actualites\/","og_locale":"en_US","og_type":"article","og_title":"Les Actualit\u00e9s - Galerie GAZ","og_description":"Suivez toute l\u2019actualit\u00e9 de la Galerie GAZ : \u00e9v\u00e9nements, ateliers, nouvelles collaborations et coups de c\u0153ur artistiques.","og_url":"https:\/\/galerie-gaz.com\/en\/actualites\/","og_site_name":"Galerie GAZ","article_publisher":"https:\/\/www.facebook.com\/generalartzone\/?locale=fr_FR","article_modified_time":"2025-07-23T12:56:26+00:00","twitter_card":"summary_large_image","twitter_misc":{"Est. reading time":"1 minute"},"schema":{"@context":"https:\/\/schema.org","@graph":[{"@type":"WebPage","@id":"https:\/\/galerie-gaz.com\/actualites\/","url":"https:\/\/galerie-gaz.com\/actualites\/","name":"Les Actualit\u00e9s - Galerie GAZ","isPartOf":{"@id":"https:\/\/galerie-gaz.com\/#website"},"datePublished":"2025-03-15T02:49:21+00:00","dateModified":"2025-07-23T12:56:26+00:00","description":"Suivez toute l\u2019actualit\u00e9 de la Galerie GAZ : \u00e9v\u00e9nements, ateliers, nouvelles collaborations et coups de c\u0153ur artistiques.","breadcrumb":{"@id":"https:\/\/galerie-gaz.com\/actualites\/#breadcrumb"},"inLanguage":"en-US","potentialAction":[{"@type":"ReadAction","target":["https:\/\/galerie-gaz.com\/actualites\/"]}]},{"@type":"BreadcrumbList","@id":"https:\/\/galerie-gaz.com\/actualites\/#breadcrumb","itemListElement":[{"@type":"ListItem","position":1,"name":"Accueil","item":"https:\/\/galerie-gaz.com\/"},{"@type":"ListItem","position":2,"name":"Actualit\u00e9s"}]},{"@type":"WebSite","@id":"https:\/\/galerie-gaz.com\/#website","url":"https:\/\/galerie-gaz.com\/","name":"GAZ Gallery","description":"Galerie d'art contemporain aux Sables d'Olonne","publisher":{"@id":"https:\/\/galerie-gaz.com\/#organization"},"potentialAction":[{"@type":"SearchAction","target":{"@type":"EntryPoint","urlTemplate":"https:\/\/galerie-gaz.com\/?s={search_term_string}"},"query-input":{"@type":"PropertyValueSpecification","valueRequired":true,"valueName":"search_term_string"}}],"inLanguage":"en-US"},{"@type":"Organization","@id":"https:\/\/galerie-gaz.com\/#organization","name":"GAZ Gallery","url":"https:\/\/galerie-gaz.com\/","logo":{"@type":"ImageObject","inLanguage":"en-US","@id":"https:\/\/galerie-gaz.com\/#\/schema\/logo\/image\/","url":"https:\/\/galerie-gaz.com\/wp-content\/uploads\/2025\/03\/cropped-GAZ-logo.png","contentUrl":"https:\/\/galerie-gaz.com\/wp-content\/uploads\/2025\/03\/cropped-GAZ-logo.png","width":512,"height":512,"caption":"Galerie GAZ"},"image":{"@id":"https:\/\/galerie-gaz.com\/#\/schema\/logo\/image\/"},"sameAs":["https:\/\/www.facebook.com\/generalartzone\/?locale=fr_FR","https:\/\/www.instagram.com\/generalartzone\/?hl=fr"]}]}},"_links":{"self":[{"href":"https:\/\/galerie-gaz.com\/en\/wp-json\/wp\/v2\/pages\/17","targetHints":{"allow":["GET"]}}],"collection":[{"href":"https:\/\/galerie-gaz.com\/en\/wp-json\/wp\/v2\/pages"}],"about":[{"href":"https:\/\/galerie-gaz.com\/en\/wp-json\/wp\/v2\/types\/page"}],"author":[{"embeddable":true,"href":"https:\/\/galerie-gaz.com\/en\/wp-json\/wp\/v2\/users\/1"}],"replies":[{"embeddable":true,"href":"https:\/\/galerie-gaz.com\/en\/wp-json\/wp\/v2\/comments?post=17"}],"version-history":[{"count":25,"href":"https:\/\/galerie-gaz.com\/en\/wp-json\/wp\/v2\/pages\/17\/revisions"}],"predecessor-version":[{"id":1666,"href":"https:\/\/galerie-gaz.com\/en\/wp-json\/wp\/v2\/pages\/17\/revisions\/1666"}],"wp:attachment":[{"href":"https:\/\/galerie-gaz.com\/en\/wp-json\/wp\/v2\/media?parent=17"}],"curies":[{"name":"wp","href":"https:\/\/api.w.org\/{rel}","templated":true}]}}